{"id":1001,"date":"2020-04-10T10:31:20","date_gmt":"2020-04-10T08:31:20","guid":{"rendered":"http:\/\/reviplan.pl\/?page_id=1001"},"modified":"2021-04-01T10:10:26","modified_gmt":"2021-04-01T08:10:26","slug":"facylitacja","status":"publish","type":"page","link":"https:\/\/reviplan.pl\/index.php\/oferta\/facylitacja\/","title":{"rendered":"FACYLITACJA"},"content":{"rendered":"\n<p>FACYLITACJA \u2013 ZINDYWIDUALIZOWANE WSPARCIE  DORADCZE                                    DLA OS\u00d3B LUB ZESPO\u0141\u00d3W PODEJMUJ\u0104CYCH DZIA\u0141ANIA NA POLU REWITALIZACIZJI W MIASTACH<\/p>\n\n\n\n<p><br>Oferujemy: <br> <br> \u2022    konsultacje indywidualne  \u2013 pomoc merytoryczna w rozwi\u0105zywaniu konkretnych problem\u00f3w, w siedzibie zamawiaj\u0105cego  (face to face) albo <strong>on-line<\/strong>;<br><br> \u2022    warsztaty \u2013  wsparcie dla zespo\u0142\u00f3w ds. rewitalizacji, uzupe\u0142nienie lub wzmocnienie umiej\u0119tno\u015bci, przeprowadzane  w miejscu dogodnym dla zamawiaj\u0105cego (face to face) albo <strong>on-line<\/strong>, w formie intensywnych zaj\u0119\u0107 praktycznych;<br><br> \u2022    coaching <strong>on-line<\/strong> (w formie cyklu 7-10 spotka\u0144 indywidualnych),                                                    rekomendowane np. jako wsparcie procesu diagnostyki i delimitacji obszaru rewitalizacji, gdy wykonanie analiz nie zosta\u0142o powierzone podmiotowi zewn\u0119trznemu.  <br><\/p>\n\n\n\n<p>Facylitacja dostarcza stymulacji lub bod\u017ac\u00f3w do wykorzystania w\u0142asnego potencja\u0142u poprzez uzupe\u0142nienie wiedzy,  nabycie  nowych umiej\u0119tno\u015bci. Buduje kompetencje lub wzmacnia w rozwi\u0105zaniu bie\u017c\u0105cych problem\u00f3w, na przyk\u0142ad poprzez  wydobycie posiadanej wiedzy, otwarcia na w\u0142asne zasoby, w tym wyczuwanie potrzeb i przedmiotu koniecznych decyzji, od osoby\/grupy \u2013 w sytuacji, gdy potrafi\u0105 one zdiagnozowa\u0107 w\u0142asne deficyty, sformu\u0142owa\u0107 pytania lub okre\u015bli\u0107 pole problem\u00f3w, ale nie dysponuj\u0105 zasobami (np. specjalistyczn\u0105 wiedz\u0105), kt\u00f3re s\u0105 konieczne do przej\u015bcia na kolejny, bardziej profesjonalny poziom realizacji dzia\u0142a\u0144 rewitalizacyjnych. <\/p>\n\n\n\n<p>Facylitacja opiera si\u0119 na wykorzystaniu efektu publiczno\u015bci lub efektu wsp\u00f3\u0142dzia\u0142ania. Badania wykaza\u0142y, \u017ce wp\u0142yw obecno\u015bci biernych s\u0142uchaczy lub widz\u00f3w na wykonanie zadania przez dan\u0105 osob\u0119\/zesp\u00f3\u0142 mo\u017ce by\u0107 pozytywny \u2013 otwieraj\u0105cy na nowe mo\u017cliwo\u015bci, stymuluj\u0105cy, mobilizuj\u0105cy \u2013 poniewa\u017c zwi\u0119ksza efektywno\u015b\u0107, poprzez obni\u017canie poziomu niepewno\u015bci i zwi\u0105zanego z nim stresu. <\/p>\n\n\n\n<p>Facylitacj\u0119 realizujemy po rozpoznaniu zasob\u00f3w, potrzeb i mo\u017cliwo\u015bci zamawiaj\u0105cego. <br>Zakres i metody dobieramy indywidulanie, opcje on-line (telekonferencje) realizujemy z wykorzystaniem prostych i powszechnie dost\u0119pne narz\u0119dzi, kt\u00f3re nie wymagaj\u0105 zakupu kolejnego oprogramowania, a tym samym nie generuj\u0105 dodatkowych koszt\u00f3w. <\/p>\n","protected":false},"excerpt":{"rendered":"<p>FACYLITACJA \u2013 ZINDYWIDUALIZOWANE WSPARCIE DORADCZE DLA OS\u00d3B LUB ZESPO\u0141\u00d3W PODEJMUJ\u0104CYCH DZIA\u0141ANIA NA POLU REWITALIZACIZJI W MIASTACH Oferujemy: \u2022 konsultacje indywidualne \u2013 pomoc merytoryczna w rozwi\u0105zywaniu konkretnych problem\u00f3w, w siedzibie zamawiaj\u0105cego (face to face) albo on-line; \u2022 warsztaty \u2013 wsparcie dla zespo\u0142\u00f3w ds. rewitalizacji, uzupe\u0142nienie lub wzmocnienie umiej\u0119tno\u015bci, przeprowadzane w miejscu dogodnym dla zamawiaj\u0105cego (face to &hellip; <\/p>\n<p class=\"link-more\"><a href=\"https:\/\/reviplan.pl\/index.php\/oferta\/facylitacja\/\" class=\"more-link\">Czytaj dalej<span class=\"screen-reader-text\"> \u201eFACYLITACJA\u201d<\/span><\/a><\/p>\n","protected":false},"author":1,"featured_media":0,"parent":31,"menu_order":0,"comment_status":"closed","ping_status":"closed","template":"","meta":{"footnotes":""},"class_list":["post-1001","page","type-page","status-publish","hentry"],"_links":{"self":[{"href":"https:\/\/reviplan.pl\/index.php\/wp-json\/wp\/v2\/pages\/1001","targetHints":{"allow":["GET"]}}],"collection":[{"href":"https:\/\/reviplan.pl\/index.php\/wp-json\/wp\/v2\/pages"}],"about":[{"href":"https:\/\/reviplan.pl\/index.php\/wp-json\/wp\/v2\/types\/page"}],"author":[{"embeddable":true,"href":"https:\/\/reviplan.pl\/index.php\/wp-json\/wp\/v2\/users\/1"}],"replies":[{"embeddable":true,"href":"https:\/\/reviplan.pl\/index.php\/wp-json\/wp\/v2\/comments?post=1001"}],"version-history":[{"count":11,"href":"https:\/\/reviplan.pl\/index.php\/wp-json\/wp\/v2\/pages\/1001\/revisions"}],"predecessor-version":[{"id":1040,"href":"https:\/\/reviplan.pl\/index.php\/wp-json\/wp\/v2\/pages\/1001\/revisions\/1040"}],"up":[{"embeddable":true,"href":"https:\/\/reviplan.pl\/index.php\/wp-json\/wp\/v2\/pages\/31"}],"wp:attachment":[{"href":"https:\/\/reviplan.pl\/index.php\/wp-json\/wp\/v2\/media?parent=1001"}],"curies":[{"name":"wp","href":"https:\/\/api.w.org\/{rel}","templated":true}]}}