{"id":2,"date":"2019-05-09T10:07:24","date_gmt":"2019-05-09T08:07:24","guid":{"rendered":"http:\/\/reviplan.pl\/?page_id=2"},"modified":"2021-09-19T20:34:05","modified_gmt":"2021-09-19T18:34:05","slug":"page-d-exemple","status":"publish","type":"page","link":"https:\/\/reviplan.pl\/","title":{"rendered":"BIURO PROJEKTOWANIA         I BADANIA REWITALIZACJI"},"content":{"rendered":"\n<p><\/p>\n\n\n\n<p class=\"has-medium-font-size\">+ oferujemy doradztwo oraz us\u0142ugi programowania rewitalizacji <br>oraz projektowania przedsi\u0119wzi\u0119\u0107 inwestycyjnych <br>w obszarach rewitalizacji gmin r\u00f3\u017cnego typu<\/p>\n\n\n\n<p style=\"text-align:left\" class=\"has-medium-font-size\">+ badamy zachodz\u0105ce zmiany i efekty rewitalizacji, analizujemy rezultaty zmian w miastach,  doradzamy w procesie ewaluacji i aktualizacji program\u00f3w rewitalizacji<\/p>\n\n\n\n<p class=\"has-medium-font-size\">+ oferujemy indywidualne konsultacje oraz analizy prospektywne,  <br>kt\u00f3re zwi\u0119ksz\u0105  Pa\u0144stwa szanse biznesowe tam, <br>gdzie degradacja miejskich przestrzeni otwiera perspektyw\u0119 na nieoczywisty sukces, <br>zdobycie przewagi nad konkurencj\u0105 <br>i wi\u0119ksze zyski w przysz\u0142o\u015bci.    <\/p>\n\n\n","protected":false},"excerpt":{"rendered":"<p>+ oferujemy doradztwo oraz us\u0142ugi programowania rewitalizacji oraz projektowania przedsi\u0119wzi\u0119\u0107 inwestycyjnych w obszarach rewitalizacji gmin r\u00f3\u017cnego typu + badamy zachodz\u0105ce zmiany i efekty rewitalizacji, analizujemy rezultaty zmian w miastach, doradzamy w procesie ewaluacji i aktualizacji program\u00f3w rewitalizacji + oferujemy indywidualne konsultacje oraz analizy prospektywne, kt\u00f3re zwi\u0119ksz\u0105 Pa\u0144stwa szanse biznesowe tam, gdzie degradacja miejskich przestrzeni otwiera &hellip; <\/p>\n<p class=\"link-more\"><a href=\"https:\/\/reviplan.pl\/\" class=\"more-link\">Czytaj dalej<span class=\"screen-reader-text\"> \u201eBIURO PROJEKTOWANIA         I BADANIA REWITALIZACJI\u201d<\/span><\/a><\/p>\n","protected":false},"author":1,"featured_media":0,"parent":0,"menu_order":0,"comment_status":"closed","ping_status":"open","template":"","meta":{"footnotes":""},"class_list":["post-2","page","type-page","status-publish","hentry"],"_links":{"self":[{"href":"https:\/\/reviplan.pl\/index.php\/wp-json\/wp\/v2\/pages\/2","targetHints":{"allow":["GET"]}}],"collection":[{"href":"https:\/\/reviplan.pl\/index.php\/wp-json\/wp\/v2\/pages"}],"about":[{"href":"https:\/\/reviplan.pl\/index.php\/wp-json\/wp\/v2\/types\/page"}],"author":[{"embeddable":true,"href":"https:\/\/reviplan.pl\/index.php\/wp-json\/wp\/v2\/users\/1"}],"replies":[{"embeddable":true,"href":"https:\/\/reviplan.pl\/index.php\/wp-json\/wp\/v2\/comments?post=2"}],"version-history":[{"count":11,"href":"https:\/\/reviplan.pl\/index.php\/wp-json\/wp\/v2\/pages\/2\/revisions"}],"predecessor-version":[{"id":1065,"href":"https:\/\/reviplan.pl\/index.php\/wp-json\/wp\/v2\/pages\/2\/revisions\/1065"}],"wp:attachment":[{"href":"https:\/\/reviplan.pl\/index.php\/wp-json\/wp\/v2\/media?parent=2"}],"curies":[{"name":"wp","href":"https:\/\/api.w.org\/{rel}","templated":true}]}}