{"id":34,"date":"2019-05-17T15:16:49","date_gmt":"2019-05-17T13:16:49","guid":{"rendered":"http:\/\/reviplan.pl\/?page_id=34"},"modified":"2025-02-05T12:35:22","modified_gmt":"2025-02-05T11:35:22","slug":"misja","status":"publish","type":"page","link":"https:\/\/reviplan.pl\/index.php\/misja\/","title":{"rendered":"MISJA"},"content":{"rendered":"\n<ul class=\"wp-block-list\">\n<li>dochodowe \u015bwiadczenie profesjonalnych us\u0142ug projektowych, <br>badawczych i eksperckich, kt\u00f3re umo\u017cliwi\u0105 urzeczywistnienie idei rewitalizacji,  <br><\/li>\n\n\n\n<li>zaanga\u017cowanie w \u017cycie lokalnej spo\u0142eczno\u015bci i wspieranie lokalnych inicjatyw, <br><\/li>\n\n\n\n<li>prowadzenie autorskiego biura opartego na idea\u0142ach   <br><em><a href=\"https:\/\/pl.wikipedia.org\/wiki\/Work-life_balance\">work-life balance<\/a><\/em>,  <br><\/li>\n\n\n\n<li>praktykowanie zasad spo\u0142ecznej odpowiedzialno\u015bci biznesu, <br>w tym poprzez dzia\u0142alno\u015b\u0107 <em>pro bono<\/em> <a href=\"http:\/\/omiasto.org\" target=\"_blank\" rel=\"noreferrer noopener\">FUNDACJI O!MIASTO<\/a>,<br><\/li>\n\n\n\n<li>promowanie <a href=\"http:\/\/www.miasto.me\/\" target=\"_blank\" rel=\"noreferrer noopener\">my\u015blenia urbanologicznego poprzez  wydawanie elektronicznego magazynu &#8222;MIASTO&#8221; <\/a>.<\/li>\n<\/ul>\n\n\n\n<p><\/p>\n","protected":false},"excerpt":{"rendered":"","protected":false},"author":1,"featured_media":0,"parent":0,"menu_order":0,"comment_status":"closed","ping_status":"closed","template":"","meta":{"footnotes":""},"class_list":["post-34","page","type-page","status-publish","hentry"],"_links":{"self":[{"href":"https:\/\/reviplan.pl\/index.php\/wp-json\/wp\/v2\/pages\/34","targetHints":{"allow":["GET"]}}],"collection":[{"href":"https:\/\/reviplan.pl\/index.php\/wp-json\/wp\/v2\/pages"}],"about":[{"href":"https:\/\/reviplan.pl\/index.php\/wp-json\/wp\/v2\/types\/page"}],"author":[{"embeddable":true,"href":"https:\/\/reviplan.pl\/index.php\/wp-json\/wp\/v2\/users\/1"}],"replies":[{"embeddable":true,"href":"https:\/\/reviplan.pl\/index.php\/wp-json\/wp\/v2\/comments?post=34"}],"version-history":[{"count":13,"href":"https:\/\/reviplan.pl\/index.php\/wp-json\/wp\/v2\/pages\/34\/revisions"}],"predecessor-version":[{"id":1215,"href":"https:\/\/reviplan.pl\/index.php\/wp-json\/wp\/v2\/pages\/34\/revisions\/1215"}],"wp:attachment":[{"href":"https:\/\/reviplan.pl\/index.php\/wp-json\/wp\/v2\/media?parent=34"}],"curies":[{"name":"wp","href":"https:\/\/api.w.org\/{rel}","templated":true}]}}