{"id":799,"date":"2019-09-13T14:32:55","date_gmt":"2019-09-13T12:32:55","guid":{"rendered":"http:\/\/reviplan.pl\/?page_id=799"},"modified":"2021-10-03T10:28:12","modified_gmt":"2021-10-03T08:28:12","slug":"szkolenia","status":"publish","type":"page","link":"https:\/\/reviplan.pl\/index.php\/uslugi-edukacyjne\/szkolenia\/","title":{"rendered":"SZKOLENIA"},"content":{"rendered":"\n<p>Oferujemy szkolenia z zakresu planowania i wdra\u017cania strategii rozwoju miast, rewitalizacji i mieszkalnictwa oraz bada\u0144, monitorowania i ewaluacji. <br>Program szkole\u0144 przygotowujemy indywidualnie, wed\u0142ug potrzeb Zamawiaj\u0105cego.<br>Stawiamy na interaktywn\u0105 form\u0119 zaj\u0119\u0107 szkoleniowych, prowadzimy warsztaty po\u015bwi\u0119cone rozwi\u0105zywaniu konkretnych problem\u00f3w.<\/p>\n\n\n\n<p>Nasza oferta szkoleniowa obejmuje tradycyjne szkolenia stacjonarne (face-to-face) w formule otwartej albo zamkni\u0119tej, jak r\u00f3wnie\u017c szkolenia on-line (webinaria).<\/p>\n\n\n\n<p>Stacjonarne szkolenia otwarte prowadzimy w siedzibie firmy,  w salach dydaktycznych i warsztatowych (7-15 os\u00f3b) nowoczesnego kompleksu biurowego <a href=\"http:\/\/www.avenido.pl\/pl\">AVENIDO<\/a> w Bytomiu ( ul. K\u0119dzierzy\u0144ska 17) albo w salach <a href=\"https:\/\/sevenhotel.pl\/\">hotelu SEVEN<\/a> w Bytomiu-Rozbarku. <br>Szkolenia zamkni\u0119te organizujemy i realizujemy w siedzibie Zamawiaj\u0105cego.<\/p>\n\n\n\n<ul class=\"wp-block-gallery columns-2 is-cropped animated zoomIn slow wp-block-gallery-1 is-layout-flex wp-block-gallery-is-layout-flex\"><li class=\"blocks-gallery-item\"><figure><img loading=\"lazy\" decoding=\"async\" width=\"1024\" height=\"1024\" src=\"http:\/\/reviplan.pl\/wp-content\/uploads\/2019\/09\/DSC_4117-2-1024x1024.jpg\" alt=\"\" data-id=\"801\" class=\"wp-image-801\" srcset=\"https:\/\/reviplan.pl\/wp-content\/uploads\/2019\/09\/DSC_4117-2-1024x1024.jpg 1024w, https:\/\/reviplan.pl\/wp-content\/uploads\/2019\/09\/DSC_4117-2-150x150.jpg 150w, https:\/\/reviplan.pl\/wp-content\/uploads\/2019\/09\/DSC_4117-2-300x300.jpg 300w, https:\/\/reviplan.pl\/wp-content\/uploads\/2019\/09\/DSC_4117-2-768x768.jpg 768w, https:\/\/reviplan.pl\/wp-content\/uploads\/2019\/09\/DSC_4117-2-100x100.jpg 100w\" sizes=\"auto, (max-width: 767px) 89vw, (max-width: 1000px) 54vw, (max-width: 1071px) 543px, 580px\" \/><figcaption>Oferta biura<\/figcaption><\/figure><\/li><li class=\"blocks-gallery-item\"><figure><img loading=\"lazy\" decoding=\"async\" width=\"1024\" height=\"1024\" src=\"http:\/\/reviplan.pl\/wp-content\/uploads\/2019\/09\/DSC_4099-2-1-1024x1024.jpg\" alt=\"\" data-id=\"803\" data-link=\"http:\/\/reviplan.pl\/?attachment_id=803\" class=\"wp-image-803\" srcset=\"https:\/\/reviplan.pl\/wp-content\/uploads\/2019\/09\/DSC_4099-2-1-1024x1024.jpg 1024w, https:\/\/reviplan.pl\/wp-content\/uploads\/2019\/09\/DSC_4099-2-1-150x150.jpg 150w, https:\/\/reviplan.pl\/wp-content\/uploads\/2019\/09\/DSC_4099-2-1-300x300.jpg 300w, https:\/\/reviplan.pl\/wp-content\/uploads\/2019\/09\/DSC_4099-2-1-768x768.jpg 768w, https:\/\/reviplan.pl\/wp-content\/uploads\/2019\/09\/DSC_4099-2-1-100x100.jpg 100w\" sizes=\"auto, (max-width: 767px) 89vw, (max-width: 1000px) 54vw, (max-width: 1071px) 543px, 580px\" \/><figcaption>Sala warsztatowa<\/figcaption><\/figure><\/li><\/ul>\n\n\n\n<p><strong>Obecnie oferujemy:<\/strong><\/p>\n\n\n\n<p>6 godzinne, jednodniowe otwarte szkolenie nt. modelu struktury funkcjonalno-przestrzennej gminy, kt\u00f3ra od listopada ub. roku stanowi zupe\u0142nie nowy element  strategii rozwoju gminy.  <br>Szkolenie poprowadzi do\u015bwiadczona urbanistka &#8211;  <a href=\"http:\/\/reviplan.pl\/index.php\/nasi-szkoleniowcy\/\">mgr in\u017c. arch. Magdalena Kostencka-Burek<\/a>.  <br>Szkolenia nt. opracowania modelu funkcjonalno-przestrzennego oferujemy w formie <a href=\"http:\/\/reviplan.pl\/index.php\/uslugi-edukacyjne\/szkolenia\/on-line\/\"><strong>on-line<\/strong> <\/a> (26 pa\u017adziernika)  oraz jako <a href=\"http:\/\/reviplan.pl\/index.php\/uslugi-edukacyjne\/szkolenia\/face-to-face\/\"><strong>szkolenie stacjonarne<\/strong><\/a> (30 listopada).  <br><\/p>\n\n\n\n<p>Zapytania dotycz\u0105ce szkole\u0144 oraz zg\u0142oszenia na szkolenia przyjmujemy wy\u0142\u0105cznie drog\u0105 elektroniczn\u0105,  na adres: biuro@reviplan.pl <\/p>\n\n\n\n<p>Przyjmujemy r\u00f3wnie\u017c zam\u00f3wienia na organizacj\u0119 i przeprowadzenie szkolenia zamkni\u0119tego nt. opracowania modelu struktury funkcjonalno-przestrzennej w nowej b\u0105d\u017a aktualizowanej strategii rozwoju gminy.<\/p>\n\n\n\n<p>W listopadzie oferowa\u0107 b\u0119dziemy r\u00f3wnie\u017c inne szkolenia on-line, w tym dotycz\u0105ce problematyki zapewniania dost\u0119pno\u015bci w procesach rewitalizacji oraz  rozwi\u0105zywania problem\u00f3w powstaj\u0105cych przy zamawianiu us\u0142ug projektowych lub eksperckich na potrzeby procesu rewitalizacji.  Proponowany zakres szkole\u0144 i ich tematyk\u0119 przedstawiaj\u0105 ramowe programy zaj\u0119\u0107, kt\u00f3re mo\u017cna pobra\u0107 w formacie pdf:<\/p>\n\n\n\n<div class=\"wp-block-file\"><a href=\"http:\/\/reviplan.pl\/wp-content\/uploads\/2020\/03\/RAMOWY-PROGRAM-SZKOLENIA-NA-TEMAT-DOST\u0118PNO\u015aCI.pdf\">RAMOWY-PROGRAM-SZKOLENIA-NA-TEMAT-DOST\u0118PNO\u015aCI<\/a><a href=\"http:\/\/reviplan.pl\/wp-content\/uploads\/2020\/03\/RAMOWY-PROGRAM-SZKOLENIA-NA-TEMAT-DOST\u0118PNO\u015aCI.pdf\" class=\"wp-block-file__button\" download>Pobierz<\/a><\/div>\n\n\n\n<div class=\"wp-block-file animated pulse\"><a href=\"http:\/\/reviplan.pl\/wp-content\/uploads\/2020\/02\/ZAMAWIANIE-US\u0141UG-PROJEKTOWYCH-I-EKSPERCKICH.pdf\">ZAMAWIANIE-US\u0141UG-PROJEKTOWYCH-I-EKSPERCKICH<\/a><a href=\"http:\/\/reviplan.pl\/wp-content\/uploads\/2020\/02\/ZAMAWIANIE-US\u0141UG-PROJEKTOWYCH-I-EKSPERCKICH.pdf\" class=\"wp-block-file__button\" download>Pobierz<\/a><\/div>\n\n\n\n<figure class=\"wp-block-image\"><img loading=\"lazy\" decoding=\"async\" width=\"250\" height=\"250\" src=\"http:\/\/reviplan.pl\/wp-content\/uploads\/2021\/09\/my\u015blenie4.png\" alt=\"\" class=\"wp-image-1059\" srcset=\"https:\/\/reviplan.pl\/wp-content\/uploads\/2021\/09\/my\u015blenie4.png 250w, https:\/\/reviplan.pl\/wp-content\/uploads\/2021\/09\/my\u015blenie4-150x150.png 150w, https:\/\/reviplan.pl\/wp-content\/uploads\/2021\/09\/my\u015blenie4-100x100.png 100w\" sizes=\"auto, (max-width: 250px) 100vw, 250px\" \/><\/figure>\n\n\n\n<p>OPR\u00d3CZ  SZKOLE\u0143 OFERUJEMY R\u00d3WNIE\u017b  <a href=\"http:\/\/reviplan.pl\/index.php\/warsztaty\/\">WARSZTATY MISTRZOWSKIE<\/a><\/p>\n","protected":false},"excerpt":{"rendered":"<p>Oferujemy szkolenia z zakresu planowania i wdra\u017cania strategii rozwoju miast, rewitalizacji i mieszkalnictwa oraz bada\u0144, monitorowania i ewaluacji. Program szkole\u0144 przygotowujemy indywidualnie, wed\u0142ug potrzeb Zamawiaj\u0105cego.Stawiamy na interaktywn\u0105 form\u0119 zaj\u0119\u0107 szkoleniowych, prowadzimy warsztaty po\u015bwi\u0119cone rozwi\u0105zywaniu konkretnych problem\u00f3w. Nasza oferta szkoleniowa obejmuje tradycyjne szkolenia stacjonarne (face-to-face) w formule otwartej albo zamkni\u0119tej, jak r\u00f3wnie\u017c szkolenia on-line (webinaria). Stacjonarne &hellip; <\/p>\n<p class=\"link-more\"><a href=\"https:\/\/reviplan.pl\/index.php\/uslugi-edukacyjne\/szkolenia\/\" class=\"more-link\">Czytaj dalej<span class=\"screen-reader-text\"> \u201eSZKOLENIA\u201d<\/span><\/a><\/p>\n","protected":false},"author":1,"featured_media":0,"parent":973,"menu_order":0,"comment_status":"closed","ping_status":"closed","template":"","meta":{"footnotes":""},"class_list":["post-799","page","type-page","status-publish","hentry"],"_links":{"self":[{"href":"https:\/\/reviplan.pl\/index.php\/wp-json\/wp\/v2\/pages\/799","targetHints":{"allow":["GET"]}}],"collection":[{"href":"https:\/\/reviplan.pl\/index.php\/wp-json\/wp\/v2\/pages"}],"about":[{"href":"https:\/\/reviplan.pl\/index.php\/wp-json\/wp\/v2\/types\/page"}],"author":[{"embeddable":true,"href":"https:\/\/reviplan.pl\/index.php\/wp-json\/wp\/v2\/users\/1"}],"replies":[{"embeddable":true,"href":"https:\/\/reviplan.pl\/index.php\/wp-json\/wp\/v2\/comments?post=799"}],"version-history":[{"count":16,"href":"https:\/\/reviplan.pl\/index.php\/wp-json\/wp\/v2\/pages\/799\/revisions"}],"predecessor-version":[{"id":1091,"href":"https:\/\/reviplan.pl\/index.php\/wp-json\/wp\/v2\/pages\/799\/revisions\/1091"}],"up":[{"embeddable":true,"href":"https:\/\/reviplan.pl\/index.php\/wp-json\/wp\/v2\/pages\/973"}],"wp:attachment":[{"href":"https:\/\/reviplan.pl\/index.php\/wp-json\/wp\/v2\/media?parent=799"}],"curies":[{"name":"wp","href":"https:\/\/api.w.org\/{rel}","templated":true}]}}