{"id":973,"date":"2020-02-27T12:36:57","date_gmt":"2020-02-27T11:36:57","guid":{"rendered":"http:\/\/reviplan.pl\/?page_id=973"},"modified":"2020-02-27T12:51:05","modified_gmt":"2020-02-27T11:51:05","slug":"uslugi-edukacyjne","status":"publish","type":"page","link":"https:\/\/reviplan.pl\/index.php\/uslugi-edukacyjne\/","title":{"rendered":"US\u0141UGI EDUKACYJNE"},"content":{"rendered":"\n<p>Oferujemy specjalistyczne us\u0142ugi edukacyjne, w formie warsztat\u00f3w i szkole\u0144,  wed\u0142ug zestandaryzowanego programu albo  programu &#8222;szytego na miar\u0119&#8221; &#8211; wed\u0142ug indywidualnych potrzeb Zamawiaj\u0105cego:<\/p>\n\n\n\n<p><a href=\"http:\/\/reviplan.pl\/index.php\/warsztaty\/\">WARSZTATY<\/a><\/p>\n\n\n\n<p><a href=\"http:\/\/reviplan.pl\/index.php\/szkolenia\/\" target=\"_blank\" rel=\"noreferrer noopener\" aria-label=\" (otwiera si\u0119 na nowej zak\u0142adce)\">SZKOLENIA<\/a><\/p>\n","protected":false},"excerpt":{"rendered":"<p>Oferujemy specjalistyczne us\u0142ugi edukacyjne, w formie warsztat\u00f3w i szkole\u0144, wed\u0142ug zestandaryzowanego programu albo programu &#8222;szytego na miar\u0119&#8221; &#8211; wed\u0142ug indywidualnych potrzeb Zamawiaj\u0105cego: WARSZTATY SZKOLENIA<\/p>\n","protected":false},"author":1,"featured_media":0,"parent":0,"menu_order":0,"comment_status":"closed","ping_status":"closed","template":"","meta":{"footnotes":""},"class_list":["post-973","page","type-page","status-publish","hentry"],"_links":{"self":[{"href":"https:\/\/reviplan.pl\/index.php\/wp-json\/wp\/v2\/pages\/973","targetHints":{"allow":["GET"]}}],"collection":[{"href":"https:\/\/reviplan.pl\/index.php\/wp-json\/wp\/v2\/pages"}],"about":[{"href":"https:\/\/reviplan.pl\/index.php\/wp-json\/wp\/v2\/types\/page"}],"author":[{"embeddable":true,"href":"https:\/\/reviplan.pl\/index.php\/wp-json\/wp\/v2\/users\/1"}],"replies":[{"embeddable":true,"href":"https:\/\/reviplan.pl\/index.php\/wp-json\/wp\/v2\/comments?post=973"}],"version-history":[{"count":2,"href":"https:\/\/reviplan.pl\/index.php\/wp-json\/wp\/v2\/pages\/973\/revisions"}],"predecessor-version":[{"id":983,"href":"https:\/\/reviplan.pl\/index.php\/wp-json\/wp\/v2\/pages\/973\/revisions\/983"}],"wp:attachment":[{"href":"https:\/\/reviplan.pl\/index.php\/wp-json\/wp\/v2\/media?parent=973"}],"curies":[{"name":"wp","href":"https:\/\/api.w.org\/{rel}","templated":true}]}}