{"id":976,"date":"2020-02-27T12:39:17","date_gmt":"2020-02-27T11:39:17","guid":{"rendered":"http:\/\/reviplan.pl\/?page_id=976"},"modified":"2020-04-05T14:51:04","modified_gmt":"2020-04-05T12:51:04","slug":"uslugi-projektowe","status":"publish","type":"page","link":"https:\/\/reviplan.pl\/index.php\/uslugi-projektowe\/","title":{"rendered":"US\u0141UGI PROJEKTOWE"},"content":{"rendered":"\n<p>Oferujemy: <\/p>\n\n\n\n<ul class=\"wp-block-list\"><li>programy rewitalizacji r\u00f3\u017cnego typu (LPR, MPR, GPR), <\/li><li>opracowanie i aktualizacja program\u00f3w rewitalizacji <\/li><li>ewaluacja ex i post ante, <\/li><li>projekty rewitalizacyjne, w tym:<br> \u2013 studia, modelowanie parametryczne, koncepcje, programy funkcjonalno-u\u017cytkowe,<br> \u2013 projekty architektoniczno-budowlane oraz kompleksowe projekty przedsi\u0119wzi\u0119\u0107 w obszarach rewitalizacji (sfera funkcjonalno-przestrzenna, gospodarcza i spo\u0142eczna), <\/li><li>nadz\u00f3r nad realizacj\u0105 projekt\u00f3w rewitalizacyjnych, <\/li><li>studia i analizy na potrzeby opracowania i realizacji programu rewitalizacji. <\/li><\/ul>\n","protected":false},"excerpt":{"rendered":"<p>Oferujemy: programy rewitalizacji r\u00f3\u017cnego typu (LPR, MPR, GPR), opracowanie i aktualizacja program\u00f3w rewitalizacji ewaluacja ex i post ante, projekty rewitalizacyjne, w tym: \u2013 studia, modelowanie parametryczne, koncepcje, programy funkcjonalno-u\u017cytkowe, \u2013 projekty architektoniczno-budowlane oraz kompleksowe projekty przedsi\u0119wzi\u0119\u0107 w obszarach rewitalizacji (sfera funkcjonalno-przestrzenna, gospodarcza i spo\u0142eczna), nadz\u00f3r nad realizacj\u0105 projekt\u00f3w rewitalizacyjnych, studia i analizy na potrzeby opracowania &hellip; <\/p>\n<p class=\"link-more\"><a href=\"https:\/\/reviplan.pl\/index.php\/uslugi-projektowe\/\" class=\"more-link\">Czytaj dalej<span class=\"screen-reader-text\"> \u201eUS\u0141UGI PROJEKTOWE\u201d<\/span><\/a><\/p>\n","protected":false},"author":1,"featured_media":0,"parent":0,"menu_order":0,"comment_status":"closed","ping_status":"closed","template":"","meta":{"footnotes":""},"class_list":["post-976","page","type-page","status-publish","hentry"],"_links":{"self":[{"href":"https:\/\/reviplan.pl\/index.php\/wp-json\/wp\/v2\/pages\/976","targetHints":{"allow":["GET"]}}],"collection":[{"href":"https:\/\/reviplan.pl\/index.php\/wp-json\/wp\/v2\/pages"}],"about":[{"href":"https:\/\/reviplan.pl\/index.php\/wp-json\/wp\/v2\/types\/page"}],"author":[{"embeddable":true,"href":"https:\/\/reviplan.pl\/index.php\/wp-json\/wp\/v2\/users\/1"}],"replies":[{"embeddable":true,"href":"https:\/\/reviplan.pl\/index.php\/wp-json\/wp\/v2\/comments?post=976"}],"version-history":[{"count":2,"href":"https:\/\/reviplan.pl\/index.php\/wp-json\/wp\/v2\/pages\/976\/revisions"}],"predecessor-version":[{"id":998,"href":"https:\/\/reviplan.pl\/index.php\/wp-json\/wp\/v2\/pages\/976\/revisions\/998"}],"wp:attachment":[{"href":"https:\/\/reviplan.pl\/index.php\/wp-json\/wp\/v2\/media?parent=976"}],"curies":[{"name":"wp","href":"https:\/\/api.w.org\/{rel}","templated":true}]}}