{"id":999,"date":"2020-04-05T14:58:38","date_gmt":"2020-04-05T12:58:38","guid":{"rendered":"http:\/\/reviplan.pl\/?page_id=999"},"modified":"2021-04-01T09:08:24","modified_gmt":"2021-04-01T07:08:24","slug":"uslugi-badawcze-oraz-analizy-i-konsultacje","status":"publish","type":"page","link":"https:\/\/reviplan.pl\/index.php\/oferta\/uslugi-badawcze-oraz-analizy-i-konsultacje\/","title":{"rendered":"US\u0141UGI BADAWCZE, ANALITYCZNE I KONSULTACJE PRZY OPRACOWANIACH                                      (RAPORTY,  PLANY, PROGRAMY)"},"content":{"rendered":"\n<p>Badania jako\u015bciowe na u\u017cytek proces\u00f3w diagnostycznych i ewaluacji program\u00f3w                     (np. wywiady, grupy zogniskowane, panele i  okr\u0105g\u0142e sto\u0142y).<\/p>\n\n\n\n<p>Ekspertyzy i opinie (w tym wsparcie merytoryczne w pracach koncepcyjnych, projektowych lub opracowaniu program\u00f3w i strategii).<\/p>\n\n\n\n<p>Recenzje i oceny raport\u00f3w, program\u00f3w lub za\u0142o\u017ce\u0144 do projekt\u00f3w rewitalizacyjnych. <br><br>Prace badawcze, recenzenckie i konsultacje realizujemy w bezpo\u015brednim kontakcie z zamawiaj\u0105cym albo <strong>on-line<\/strong>. <\/p>\n","protected":false},"excerpt":{"rendered":"<p>Badania jako\u015bciowe na u\u017cytek proces\u00f3w diagnostycznych i ewaluacji program\u00f3w (np. wywiady, grupy zogniskowane, panele i okr\u0105g\u0142e sto\u0142y). Ekspertyzy i opinie (w tym wsparcie merytoryczne w pracach koncepcyjnych, projektowych lub opracowaniu program\u00f3w i strategii). Recenzje i oceny raport\u00f3w, program\u00f3w lub za\u0142o\u017ce\u0144 do projekt\u00f3w rewitalizacyjnych. Prace badawcze, recenzenckie i konsultacje realizujemy w bezpo\u015brednim kontakcie z zamawiaj\u0105cym albo &hellip; <\/p>\n<p class=\"link-more\"><a href=\"https:\/\/reviplan.pl\/index.php\/oferta\/uslugi-badawcze-oraz-analizy-i-konsultacje\/\" class=\"more-link\">Czytaj dalej<span class=\"screen-reader-text\"> \u201eUS\u0141UGI BADAWCZE, ANALITYCZNE I KONSULTACJE PRZY OPRACOWANIACH                                      (RAPORTY,  PLANY, PROGRAMY)\u201d<\/span><\/a><\/p>\n","protected":false},"author":1,"featured_media":0,"parent":31,"menu_order":0,"comment_status":"closed","ping_status":"closed","template":"","meta":{"footnotes":""},"class_list":["post-999","page","type-page","status-publish","hentry"],"_links":{"self":[{"href":"https:\/\/reviplan.pl\/index.php\/wp-json\/wp\/v2\/pages\/999","targetHints":{"allow":["GET"]}}],"collection":[{"href":"https:\/\/reviplan.pl\/index.php\/wp-json\/wp\/v2\/pages"}],"about":[{"href":"https:\/\/reviplan.pl\/index.php\/wp-json\/wp\/v2\/types\/page"}],"author":[{"embeddable":true,"href":"https:\/\/reviplan.pl\/index.php\/wp-json\/wp\/v2\/users\/1"}],"replies":[{"embeddable":true,"href":"https:\/\/reviplan.pl\/index.php\/wp-json\/wp\/v2\/comments?post=999"}],"version-history":[{"count":5,"href":"https:\/\/reviplan.pl\/index.php\/wp-json\/wp\/v2\/pages\/999\/revisions"}],"predecessor-version":[{"id":1025,"href":"https:\/\/reviplan.pl\/index.php\/wp-json\/wp\/v2\/pages\/999\/revisions\/1025"}],"up":[{"embeddable":true,"href":"https:\/\/reviplan.pl\/index.php\/wp-json\/wp\/v2\/pages\/31"}],"wp:attachment":[{"href":"https:\/\/reviplan.pl\/index.php\/wp-json\/wp\/v2\/media?parent=999"}],"curies":[{"name":"wp","href":"https:\/\/api.w.org\/{rel}","templated":true}]}}